{"id":548,"date":"2023-11-26T19:49:21","date_gmt":"2023-11-26T18:49:21","guid":{"rendered":"https:\/\/dedieu-conseil.fr\/?page_id=548"},"modified":"2023-12-11T11:44:49","modified_gmt":"2023-12-11T10:44:49","slug":"integration","status":"publish","type":"page","link":"https:\/\/dedieu-conseil.fr\/index.php\/expertise\/integration\/","title":{"rendered":"Int\u00e9gration"},"content":{"rendered":"\n<div class=\"wp-block-cover alignfull\" style=\"min-height:100vh;aspect-ratio:unset;\"><span aria-hidden=\"true\" class=\"wp-block-cover__background has-background-dim-0 has-background-dim\"><\/span><img fetchpriority=\"high\" decoding=\"async\" width=\"7282\" height=\"4707\" class=\"wp-block-cover__image-background wp-image-653\" alt=\"\" src=\"http:\/\/dedieu-conseil.fr\/wp-content\/uploads\/2023\/11\/fond.png\" data-object-fit=\"cover\" srcset=\"https:\/\/dedieu-conseil.fr\/wp-content\/uploads\/2023\/11\/fond.png 7282w, https:\/\/dedieu-conseil.fr\/wp-content\/uploads\/2023\/11\/fond-300x194.png 300w, https:\/\/dedieu-conseil.fr\/wp-content\/uploads\/2023\/11\/fond-1024x662.png 1024w, https:\/\/dedieu-conseil.fr\/wp-content\/uploads\/2023\/11\/fond-768x496.png 768w, https:\/\/dedieu-conseil.fr\/wp-content\/uploads\/2023\/11\/fond-1536x993.png 1536w, https:\/\/dedieu-conseil.fr\/wp-content\/uploads\/2023\/11\/fond-2048x1324.png 2048w\" sizes=\"(max-width: 7282px) 100vw, 7282px\" \/><div class=\"wp-block-cover__inner-container is-layout-constrained wp-block-cover-is-layout-constrained\">\n<div class=\"wp-block-columns is-layout-flex wp-container-core-columns-is-layout-1 wp-block-columns-is-layout-flex\">\n<div class=\"wp-block-column is-layout-flow wp-block-column-is-layout-flow\">\n<h2 class=\"wp-block-heading has-white-color has-text-color has-link-color wp-elements-cee8ae0b1bd93c921e78853a6b427338\" style=\"font-size:35px\">Int\u00e9gration<\/h2>\n\n\n\n<p>Assurez une transition sans heurts vers Salesforce gr\u00e2ce \u00e0 nos solutions d&#8217;int\u00e9gration personnalis\u00e9es, garantissant une collaboration harmonieuse avec vos syst\u00e8mes existants.<\/p>\n\n\n\n<div class=\"wp-block-buttons alignfull is-content-justification-right is-layout-flex wp-container-core-buttons-is-layout-1 wp-block-buttons-is-layout-flex\">\n<div class=\"wp-block-button\"><a class=\"wp-block-button__link has-white-color has-text-color has-background has-link-color has-border-color has-white-border-color has-text-align-center wp-element-button\" style=\"border-width:1px;border-radius:100px;background-color:#ffffff00\"><img decoding=\"async\" width=\"50\" height=\"19\" class=\"wp-image-681\" style=\"width: 50px;\" src=\"http:\/\/dedieu-conseil.fr\/wp-content\/uploads\/2023\/11\/thin-arrow-stroke-icon-png-white-1.png\" alt=\"\" srcset=\"https:\/\/dedieu-conseil.fr\/wp-content\/uploads\/2023\/11\/thin-arrow-stroke-icon-png-white-1.png 1920w, https:\/\/dedieu-conseil.fr\/wp-content\/uploads\/2023\/11\/thin-arrow-stroke-icon-png-white-1-300x113.png 300w, https:\/\/dedieu-conseil.fr\/wp-content\/uploads\/2023\/11\/thin-arrow-stroke-icon-png-white-1-1024x384.png 1024w, https:\/\/dedieu-conseil.fr\/wp-content\/uploads\/2023\/11\/thin-arrow-stroke-icon-png-white-1-768x288.png 768w, https:\/\/dedieu-conseil.fr\/wp-content\/uploads\/2023\/11\/thin-arrow-stroke-icon-png-white-1-1536x576.png 1536w\" sizes=\"(max-width: 50px) 100vw, 50px\" \/><\/a><\/div>\n<\/div>\n<\/div>\n\n\n\n<div class=\"wp-block-column is-layout-flow wp-block-column-is-layout-flow\"><\/div>\n<\/div>\n<\/div><\/div>\n\n\n\n<div class=\"wp-block-group has-background is-layout-constrained wp-block-group-is-layout-constrained\" style=\"background:linear-gradient(0deg,rgb(255,255,255) 0%,rgb(230,230,230) 100%);padding-top:200px\">\n<div class=\"wp-block-columns alignwide is-layout-flex wp-container-core-columns-is-layout-2 wp-block-columns-is-layout-flex\">\n<div class=\"wp-block-column is-vertically-aligned-stretch is-layout-flow wp-container-core-column-is-layout-3 wp-block-column-is-layout-flow\">\n<h2 class=\"wp-block-heading\" style=\"margin-bottom:var(--wp--preset--spacing--60);font-style:normal;font-weight:700;letter-spacing:1px;line-height:1.4\">Bien plus qu&#8217;une int\u00e9gration<\/h2>\n\n\n\n<p class=\"has-black-color has-text-color has-link-color wp-elements-611b871ef307f46a9543d2e69b3db127\" style=\"margin-top:0;margin-right:0;margin-bottom:0;margin-left:0;padding-right:0;padding-left:0\">Chez Dedieu Conseil, l&#8217;int\u00e9gration Salesforce va au-del\u00e0 de l&#8217;impl\u00e9mentation standard. En tant qu&#8217;experts certifi\u00e9s, nous personnalisons chaque int\u00e9gration pour r\u00e9pondre pr\u00e9cis\u00e9ment aux besoins de votre entreprise, ind\u00e9pendamment de sa taille ou de son secteur d&#8217;activit\u00e9. Notre \u00e9quipe qualifi\u00e9e travaille en \u00e9troite collaboration avec la v\u00f4tre pour garantir que vous tiriez le meilleur parti de votre Salesforce.<\/p>\n\n\n\n<p>Forts d&#8217;une exp\u00e9rience approfondie, nous assurons une int\u00e9gration sans heurts, optimisant ainsi votre productivit\u00e9 et maximisant les avantages de Salesforce au sein de votre organisation.<\/p>\n\n\n\n<p>Que vous cherchiez \u00e0 am\u00e9liorer vos op\u00e9rations de vente, \u00e0 optimiser la gestion de vos donn\u00e9es ou \u00e0 automatiser des processus, notre \u00e9quipe d\u00e9vou\u00e9e est pr\u00eate \u00e0 vous accompagner pour que Salesforce contribue pleinement \u00e0 atteindre vos objectifs.<\/p>\n<\/div>\n\n\n\n<div class=\"wp-block-column is-layout-flow wp-block-column-is-layout-flow\">\n<figure class=\"wp-block-image size-full\"><img decoding=\"async\" width=\"1000\" height=\"1500\" src=\"https:\/\/dedieu-conseil.fr\/wp-content\/uploads\/2023\/12\/Salesforce-Integration-Icons.png\" alt=\"\" class=\"wp-image-1124\" srcset=\"https:\/\/dedieu-conseil.fr\/wp-content\/uploads\/2023\/12\/Salesforce-Integration-Icons.png 1000w, https:\/\/dedieu-conseil.fr\/wp-content\/uploads\/2023\/12\/Salesforce-Integration-Icons-200x300.png 200w, https:\/\/dedieu-conseil.fr\/wp-content\/uploads\/2023\/12\/Salesforce-Integration-Icons-683x1024.png 683w, https:\/\/dedieu-conseil.fr\/wp-content\/uploads\/2023\/12\/Salesforce-Integration-Icons-768x1152.png 768w\" sizes=\"(max-width: 1000px) 100vw, 1000px\" \/><\/figure>\n<\/div>\n<\/div>\n<\/div>\n\n\n\n<section class=\"wp-block-group is-layout-constrained wp-block-group-is-layout-constrained\">\n<div class=\"wp-block-columns are-vertically-aligned-top is-layout-flex wp-container-core-columns-is-layout-3 wp-block-columns-is-layout-flex\" style=\"margin-bottom:200px;padding-right:0;padding-left:0\">\n<div class=\"wp-block-column is-vertically-aligned-top is-layout-flow wp-block-column-is-layout-flow\" style=\"flex-basis:50%\">\n<div class=\"wp-block-group alignwide is-layout-constrained wp-block-group-is-layout-constrained\">\n<figure class=\"wp-block-image size-large\"><img loading=\"lazy\" decoding=\"async\" width=\"683\" height=\"1024\" src=\"https:\/\/dedieu-conseil.fr\/wp-content\/uploads\/2023\/11\/image-21-683x1024.jpeg\" alt=\"red and blue wallpaper\" class=\"wp-image-484\" srcset=\"https:\/\/dedieu-conseil.fr\/wp-content\/uploads\/2023\/11\/image-21-683x1024.jpeg 683w, https:\/\/dedieu-conseil.fr\/wp-content\/uploads\/2023\/11\/image-21-200x300.jpeg 200w, https:\/\/dedieu-conseil.fr\/wp-content\/uploads\/2023\/11\/image-21-768x1152.jpeg 768w, https:\/\/dedieu-conseil.fr\/wp-content\/uploads\/2023\/11\/image-21.jpeg 1000w\" sizes=\"(max-width: 683px) 100vw, 683px\" \/><\/figure>\n<\/div>\n<\/div>\n\n\n\n<div class=\"wp-block-column is-vertically-aligned-top is-layout-flow wp-block-column-is-layout-flow\" style=\"flex-basis:50%\">\n<div class=\"wp-block-group has-white-color has-text-color has-link-color wp-elements-d43e78f8ec6af185416c7ca7180ee6a7 is-content-justification-center is-layout-constrained wp-container-core-group-is-layout-10 wp-block-group-is-layout-constrained\" style=\"margin-top:0;margin-bottom:0;padding-top:0;padding-right:0;padding-bottom:0\">\n<h2 class=\"wp-block-heading has-text-align-center\" id=\"schedule-a-visit\" style=\"margin-bottom:var(--wp--preset--spacing--60);font-style:normal;font-weight:700;letter-spacing:1px;line-height:1.4\"><strong>Vous avez un projet ?<\/strong><\/h2>\n\n\n\n<form method=\"post\" class=\"wp-block-gutena-forms gutena-forms-contact-form gutena_forms_ID_cd83cd8993_251120231847 input-box-border-bottom-only after_submit_message is-layout-flow wp-container-gutena-forms-is-layout-1 wp-block-forms-is-layout-flow\" style=\"padding-top:2rem;padding-bottom:5rem\"><input type=\"hidden\" name=\"formid\" value=\"gutena_forms_ID_cd83cd8993_251120231847\"\/>\n<div class=\"wp-block-gutena-field-group  field-group-type-text is-layout-flow wp-block-field-group-is-layout-flow\">\n<div class=\"wp-block-group is-vertical is-layout-flex wp-container-core-group-is-layout-3 wp-block-group-is-layout-flex\">\n<h3 class=\"wp-block-heading heading-input-label-gutena has-black-color has-text-color has-link-color wp-elements-746bad69c9e454b6db47bb7350ac3da5\">Pr\u00e9nom<\/h3>\n\n\n<div class=\"gutena-forms-text-field field-name-first_name  wp-elements-4ca2fddc7c91e64203ee648a1c3829ce wp-block-gutena-form-field has-text-color has-black-color\"><input \n\t\t\t\t name=\"first_name\" type=\"text\" class=\"gutena-forms-field text-field required-field  \" placeholder=\"Saisissez  votre pr\u00e9nom\"  required \n\t\t\t\t\/><\/div><\/div>\n\n\n\n<p class=\"gutena-forms-field-error-msg\"><\/p>\n<\/div>\n\n\n\n<div class=\"wp-block-gutena-field-group  field-group-type-text is-layout-flow wp-block-field-group-is-layout-flow\">\n<div class=\"wp-block-group is-vertical is-layout-flex wp-container-core-group-is-layout-4 wp-block-group-is-layout-flex\">\n<h3 class=\"wp-block-heading heading-input-label-gutena has-black-color has-text-color has-link-color wp-elements-2da83c030e722137b887096df3916bfe\">Nom<\/h3>\n\n\n<div class=\"gutena-forms-text-field field-name-last_name  wp-elements-2ff49bd90965ed7c33f3557759a546e2 wp-block-gutena-form-field has-text-color has-black-color\"><input \n\t\t\t\t name=\"last_name\" type=\"text\" class=\"gutena-forms-field text-field required-field  \" placeholder=\"Saisissez votre nom de famille\"  required \n\t\t\t\t\/><\/div><\/div>\n\n\n\n<p class=\"gutena-forms-field-error-msg\"><\/p>\n<\/div>\n\n\n\n<div class=\"wp-block-gutena-field-group  field-group-type-email is-layout-flow wp-block-field-group-is-layout-flow\">\n<div class=\"wp-block-group is-vertical is-layout-flex wp-container-core-group-is-layout-5 wp-block-group-is-layout-flex\">\n<h3 class=\"wp-block-heading heading-input-label-gutena has-black-color has-text-color has-link-color wp-elements-fce8c296af00f33fce088641862c43cf\">Email<\/h3>\n\n\n<div class=\"gutena-forms-email-field field-name-email  wp-elements-19241dc3054203d1db85a8651e61613f wp-block-gutena-form-field has-text-color has-black-color\"><input \n\t\t\t\t name=\"email\" type=\"email\" class=\"gutena-forms-field email-field required-field  \" placeholder=\"exemple@gmail.com\"  required \n\t\t\t\t\/><\/div><\/div>\n\n\n\n<p class=\"gutena-forms-field-error-msg\"><\/p>\n<\/div>\n\n\n\n<div class=\"wp-block-gutena-field-group  field-group-type-text is-layout-flow wp-block-field-group-is-layout-flow\">\n<div class=\"wp-block-group is-vertical is-layout-flex wp-container-core-group-is-layout-6 wp-block-group-is-layout-flex\">\n<h3 class=\"wp-block-heading heading-input-label-gutena has-black-color has-text-color has-link-color wp-elements-abf43abe90e6de8a05e40bc6767d08b8\">Soci\u00e9t\u00e9<\/h3>\n\n\n<div class=\"gutena-forms-text-field field-name-subject  wp-elements-475862849441b93d9b760346634a4a01 wp-block-gutena-form-field has-text-color has-black-color\"><input \n\t\t\t\t name=\"subject\" type=\"text\" class=\"gutena-forms-field text-field required-field  \" placeholder=\"Saisissez votre soci\u00e9t\u00e9\"  required \n\t\t\t\t\/><\/div><\/div>\n\n\n\n<p class=\"gutena-forms-field-error-msg\"><\/p>\n<\/div>\n\n\n\n<div class=\"wp-block-gutena-field-group  field-group-type-textarea is-layout-flow wp-block-field-group-is-layout-flow\">\n<div class=\"wp-block-group is-vertical is-layout-flex wp-container-core-group-is-layout-7 wp-block-group-is-layout-flex\">\n<h3 class=\"wp-block-heading heading-input-label-gutena has-black-color has-text-color has-link-color wp-elements-2b76faf13418e096b87dd2807f5740ee\">Parlez nous de votre projet<\/h3>\n\n\n<div class=\"gutena-forms-textarea-field field-name-message  wp-elements-775327934cf577e3048f71852f332c18 wp-block-gutena-form-field has-text-color has-black-color\"><textarea \n\t\t\t\t name=\"message\" rows=\"3\" class=\"gutena-forms-field textarea-field required-field  \" placeholder=\"Votre projet en quelques mots\"  required \n\t\t\t\t><\/textarea><\/div><\/div>\n\n\n\n<p class=\"gutena-forms-field-error-msg\"><\/p>\n<\/div>\n\n\n\n<div class=\"wp-block-buttons gutena-forms-submit-buttons is-content-justification-center is-layout-flex wp-container-core-buttons-is-layout-2 wp-block-buttons-is-layout-flex\">\n<div class=\"wp-block-button gutena-forms-submit-button is-style-fill\"><button class=\"wp-block-button__link wp-element-button\">Envoyer<\/button><\/div>\n<\/div>\n\n\n\n<div class=\"wp-block-gutena-form-confirm-msg is-layout-flow wp-block-form-confirm-msg-is-layout-flow\">\n<div class=\"wp-block-group has-background is-content-justification-left is-nowrap is-layout-flex wp-container-core-group-is-layout-8 wp-block-group-is-layout-flex\" style=\"border-radius:5px;background-color:#d8eacc;padding-top:12px;padding-right:12px;padding-bottom:12px;padding-left:12px\">\n<figure class=\"wp-block-image size-large form-message-icon\"><img decoding=\"async\" src=\"data:image\/svg+xml;base64,PHN2ZyB3aWR0aD0iMTYiIGhlaWdodD0iMTYiIHZpZXdCb3g9IjAgMCAxNiAxNiIgZmlsbD0ibm9uZSIgeG1sbnM9Imh0dHA6Ly93d3cudzMub3JnLzIwMDAvc3ZnIj4KPHBhdGggZD0iTTggMTZDMy41ODE2IDE2IDAgMTIuNDE4NCAwIDhDMCAzLjU4MTYgMy41ODE2IDAgOCAwQzEyLjQxODQgMCAxNiAzLjU4MTYgMTYgOEMxNiAxMi40MTg0IDEyLjQxODQgMTYgOCAxNlpNOCAxNC40QzkuNjk3MzkgMTQuNCAxMS4zMjUzIDEzLjcyNTcgMTIuNTI1NSAxMi41MjU1QzEzLjcyNTcgMTEuMzI1MyAxNC40IDkuNjk3MzkgMTQuNCA4QzE0LjQgNi4zMDI2MSAxMy43MjU3IDQuNjc0NzUgMTIuNTI1NSAzLjQ3NDUyQzExLjMyNTMgMi4yNzQyOCA5LjY5NzM5IDEuNiA4IDEuNkM2LjMwMjYxIDEuNiA0LjY3NDc1IDIuMjc0MjggMy40NzQ1MiAzLjQ3NDUyQzIuMjc0MjggNC42NzQ3NSAxLjYgNi4zMDI2MSAxLjYgOEMxLjYgOS42OTczOSAyLjI3NDI4IDExLjMyNTMgMy40NzQ1MiAxMi41MjU1QzQuNjc0NzUgMTMuNzI1NyA2LjMwMjYxIDE0LjQgOCAxNC40Wk03LjIwMjQgMTEuMkwzLjgwOCA3LjgwNTZMNC45MzkyIDYuNjc0NEw3LjIwMjQgOC45Mzc2TDExLjcyNzIgNC40MTJMMTIuODU5MiA1LjU0MzJMNy4yMDI0IDExLjJaIiBmaWxsPSIjNDY4NDFFIi8+Cjwvc3ZnPgo=\" alt=\"Success\" class=\"wp-image-3811\"\/><\/figure>\n\n\n\n<p class=\"has-black-color has-text-color has-tiny-font-size\" style=\"font-size:12px;font-style:normal;font-weight:500;line-height:1.2\">Votre formulaire a \u00e9t\u00e9 envoy\u00e9 avec succ\u00e8s !<\/p>\n<\/div>\n<\/div>\n\n\n\n<div class=\"wp-block-gutena-form-error-msg is-layout-flow wp-block-form-error-msg-is-layout-flow\">\n<div class=\"wp-block-group has-background is-content-justification-left is-nowrap is-layout-flex wp-container-core-group-is-layout-9 wp-block-group-is-layout-flex\" style=\"border-radius:5px;background-color:#ffd3d3;padding-top:12px;padding-right:12px;padding-bottom:12px;padding-left:12px\">\n<figure class=\"wp-block-image size-large form-message-icon\"><img decoding=\"async\" src=\"data:image\/svg+xml;base64,PHN2ZyB3aWR0aD0iMTYiIGhlaWdodD0iMTYiIHZpZXdCb3g9IjAgMCAxNiAxNiIgZmlsbD0ibm9uZSIgeG1sbnM9Imh0dHA6Ly93d3cudzMub3JnLzIwMDAvc3ZnIj4KPHBhdGggZD0iTTggMTZDMy41ODE2IDE2IDAgMTIuNDE4NCAwIDhDMCAzLjU4MTYgMy41ODE2IDAgOCAwQzEyLjQxODQgMCAxNiAzLjU4MTYgMTYgOEMxNiAxMi40MTg0IDEyLjQxODQgMTYgOCAxNlpNOCAxNC40QzkuNjk3MzkgMTQuNCAxMS4zMjUzIDEzLjcyNTcgMTIuNTI1NSAxMi41MjU1QzEzLjcyNTcgMTEuMzI1MyAxNC40IDkuNjk3MzkgMTQuNCA4QzE0LjQgNi4zMDI2MSAxMy43MjU3IDQuNjc0NzUgMTIuNTI1NSAzLjQ3NDUyQzExLjMyNTMgMi4yNzQyOCA5LjY5NzM5IDEuNiA4IDEuNkM2LjMwMjYxIDEuNiA0LjY3NDc1IDIuMjc0MjggMy40NzQ1MiAzLjQ3NDUyQzIuMjc0MjggNC42NzQ3NSAxLjYgNi4zMDI2MSAxLjYgOEMxLjYgOS42OTczOSAyLjI3NDI4IDExLjMyNTMgMy40NzQ1MiAxMi41MjU1QzQuNjc0NzUgMTMuNzI1NyA2LjMwMjYxIDE0LjQgOCAxNC40Wk03LjIgMTAuNEg4LjhWMTJINy4yVjEwLjRaTTcuMiA0SDguOFY4LjhINy4yVjRaIiBmaWxsPSIjQzUxOTE5Ii8+Cjwvc3ZnPgo=\" alt=\"Error\" class=\"wp-image-3811\"\/><\/figure>\n\n\n\n<p class=\"gutena-forms-error-text has-black-color has-text-color\" style=\"font-size:12px;font-style:normal;font-weight:500;line-height:1.2\">D\u00e9sol\u00e9 ! Votre formulaire n&#8217;a pas \u00e9t\u00e9 soumis correctement, veuillez v\u00e9rifier les erreurs ci-dessus.<\/p>\n<\/div>\n<\/div>\n<\/form>\n<\/div>\n<\/div>\n<\/div>\n<\/section>\n","protected":false},"excerpt":{"rendered":"<p>Bien plus qu&#8217;une int\u00e9gration Chez Dedieu Conseil, l&#8217;int\u00e9gration Salesforce va au-del\u00e0 de l&#8217;impl\u00e9mentation standard. En tant qu&#8217;experts certifi\u00e9s, nous personnalisons chaque int\u00e9gration pour r\u00e9pondre pr\u00e9cis\u00e9ment aux besoins de votre entreprise, ind\u00e9pendamment de sa taille ou de son secteur d&#8217;activit\u00e9. Notre \u00e9quipe qualifi\u00e9e travaille en \u00e9troite collaboration avec la v\u00f4tre pour garantir que vous tiriez le &hellip;<\/p>\n<p class=\"read-more\"> <a class=\"\" href=\"https:\/\/dedieu-conseil.fr\/index.php\/expertise\/integration\/\"> <span class=\"screen-reader-text\">Int\u00e9gration<\/span> Read More &raquo;<\/a><\/p>\n","protected":false},"author":1,"featured_media":0,"parent":403,"menu_order":0,"comment_status":"closed","ping_status":"closed","template":"","meta":{"site-sidebar-layout":"default","site-content-layout":"","ast-site-content-layout":"","site-content-style":"default","site-sidebar-style":"default","ast-global-header-display":"","ast-banner-title-visibility":"","ast-main-header-display":"","ast-hfb-above-header-display":"","ast-hfb-below-header-display":"","ast-hfb-mobile-header-display":"","site-post-title":"disabled","ast-breadcrumbs-content":"","ast-featured-img":"","footer-sml-layout":"","theme-transparent-header-meta":"","adv-header-id-meta":"","stick-header-meta":"","header-above-stick-meta":"","header-main-stick-meta":"","header-below-stick-meta":"","astra-migrate-meta-layouts":"","ast-page-background-enabled":"default","ast-page-background-meta":{"desktop":{"background-color":"var(--ast-global-color-4)","background-image":"","background-repeat":"repeat","background-position":"center center","background-size":"auto","background-attachment":"scroll","background-type":"","background-media":"","overlay-type":"","overlay-color":"","overlay-gradient":""},"tablet":{"background-color":"","background-image":"","background-repeat":"repeat","background-position":"center center","background-size":"auto","background-attachment":"scroll","background-type":"","background-media":"","overlay-type":"","overlay-color":"","overlay-gradient":""},"mobile":{"background-color":"","background-image":"","background-repeat":"repeat","background-position":"center center","background-size":"auto","background-attachment":"scroll","background-type":"","background-media":"","overlay-type":"","overlay-color":"","overlay-gradient":""}},"ast-content-background-meta":{"desktop":{"background-color":"var(--ast-global-color-5)","background-image":"","background-repeat":"repeat","background-position":"center center","background-size":"auto","background-attachment":"scroll","background-type":"","background-media":"","overlay-type":"","overlay-color":"","overlay-gradient":""},"tablet":{"background-color":"var(--ast-global-color-5)","background-image":"","background-repeat":"repeat","background-position":"center center","background-size":"auto","background-attachment":"scroll","background-type":"","background-media":"","overlay-type":"","overlay-color":"","overlay-gradient":""},"mobile":{"background-color":"var(--ast-global-color-5)","background-image":"","background-repeat":"repeat","background-position":"center center","background-size":"auto","background-attachment":"scroll","background-type":"","background-media":"","overlay-type":"","overlay-color":"","overlay-gradient":""}},"footnotes":""},"class_list":["post-548","page","type-page","status-publish","hentry"],"_links":{"self":[{"href":"https:\/\/dedieu-conseil.fr\/index.php\/wp-json\/wp\/v2\/pages\/548"}],"collection":[{"href":"https:\/\/dedieu-conseil.fr\/index.php\/wp-json\/wp\/v2\/pages"}],"about":[{"href":"https:\/\/dedieu-conseil.fr\/index.php\/wp-json\/wp\/v2\/types\/page"}],"author":[{"embeddable":true,"href":"https:\/\/dedieu-conseil.fr\/index.php\/wp-json\/wp\/v2\/users\/1"}],"replies":[{"embeddable":true,"href":"https:\/\/dedieu-conseil.fr\/index.php\/wp-json\/wp\/v2\/comments?post=548"}],"version-history":[{"count":17,"href":"https:\/\/dedieu-conseil.fr\/index.php\/wp-json\/wp\/v2\/pages\/548\/revisions"}],"predecessor-version":[{"id":1169,"href":"https:\/\/dedieu-conseil.fr\/index.php\/wp-json\/wp\/v2\/pages\/548\/revisions\/1169"}],"up":[{"embeddable":true,"href":"https:\/\/dedieu-conseil.fr\/index.php\/wp-json\/wp\/v2\/pages\/403"}],"wp:attachment":[{"href":"https:\/\/dedieu-conseil.fr\/index.php\/wp-json\/wp\/v2\/media?parent=548"}],"curies":[{"name":"wp","href":"https:\/\/api.w.org\/{rel}","templated":true}]}}