{"id":547,"date":"2023-11-26T19:49:21","date_gmt":"2023-11-26T18:49:21","guid":{"rendered":"https:\/\/dedieu-conseil.fr\/?page_id=547"},"modified":"2023-12-11T11:44:43","modified_gmt":"2023-12-11T10:44:43","slug":"strategie","status":"publish","type":"page","link":"https:\/\/dedieu-conseil.fr\/index.php\/expertise\/strategie\/","title":{"rendered":"Strat\u00e9gie"},"content":{"rendered":"\n<div class=\"wp-block-cover alignfull\" style=\"min-height:100vh;aspect-ratio:unset;\"><span aria-hidden=\"true\" class=\"wp-block-cover__background has-background-dim-0 has-background-dim\"><\/span><img fetchpriority=\"high\" decoding=\"async\" width=\"7282\" height=\"4707\" class=\"wp-block-cover__image-background wp-image-653\" alt=\"\" src=\"http:\/\/dedieu-conseil.fr\/wp-content\/uploads\/2023\/11\/fond.png\" data-object-fit=\"cover\" srcset=\"https:\/\/dedieu-conseil.fr\/wp-content\/uploads\/2023\/11\/fond.png 7282w, https:\/\/dedieu-conseil.fr\/wp-content\/uploads\/2023\/11\/fond-300x194.png 300w, https:\/\/dedieu-conseil.fr\/wp-content\/uploads\/2023\/11\/fond-1024x662.png 1024w, https:\/\/dedieu-conseil.fr\/wp-content\/uploads\/2023\/11\/fond-768x496.png 768w, https:\/\/dedieu-conseil.fr\/wp-content\/uploads\/2023\/11\/fond-1536x993.png 1536w, https:\/\/dedieu-conseil.fr\/wp-content\/uploads\/2023\/11\/fond-2048x1324.png 2048w\" sizes=\"(max-width: 7282px) 100vw, 7282px\" \/><div class=\"wp-block-cover__inner-container is-layout-constrained wp-block-cover-is-layout-constrained\">\n<div class=\"wp-block-columns is-layout-flex wp-container-core-columns-is-layout-1 wp-block-columns-is-layout-flex\">\n<div class=\"wp-block-column is-layout-flow wp-block-column-is-layout-flow\">\n<h2 class=\"wp-block-heading has-white-color has-text-color has-link-color wp-elements-6416be17337ac2402a3686ac9c8d6e63\" style=\"font-size:35px\">Strat\u00e9gie<\/h2>\n\n\n\n<p>Affinez votre utilisation de Salesforce avec nos audits approfondis et conseils sur mesure, cr\u00e9ant une feuille de route strat\u00e9gique pour maximiser la valeur de la plateforme.<\/p>\n\n\n\n<div class=\"wp-block-buttons alignfull is-content-justification-right is-layout-flex wp-container-core-buttons-is-layout-1 wp-block-buttons-is-layout-flex\">\n<div class=\"wp-block-button\"><a class=\"wp-block-button__link has-white-color has-text-color has-background has-link-color has-border-color has-white-border-color has-text-align-center wp-element-button\" style=\"border-width:1px;border-radius:100px;background-color:#ffffff00\"><img decoding=\"async\" width=\"50\" height=\"19\" class=\"wp-image-681\" style=\"width: 50px;\" src=\"http:\/\/dedieu-conseil.fr\/wp-content\/uploads\/2023\/11\/thin-arrow-stroke-icon-png-white-1.png\" alt=\"\" srcset=\"https:\/\/dedieu-conseil.fr\/wp-content\/uploads\/2023\/11\/thin-arrow-stroke-icon-png-white-1.png 1920w, https:\/\/dedieu-conseil.fr\/wp-content\/uploads\/2023\/11\/thin-arrow-stroke-icon-png-white-1-300x113.png 300w, https:\/\/dedieu-conseil.fr\/wp-content\/uploads\/2023\/11\/thin-arrow-stroke-icon-png-white-1-1024x384.png 1024w, https:\/\/dedieu-conseil.fr\/wp-content\/uploads\/2023\/11\/thin-arrow-stroke-icon-png-white-1-768x288.png 768w, https:\/\/dedieu-conseil.fr\/wp-content\/uploads\/2023\/11\/thin-arrow-stroke-icon-png-white-1-1536x576.png 1536w\" sizes=\"(max-width: 50px) 100vw, 50px\" \/><\/a><\/div>\n<\/div>\n<\/div>\n\n\n\n<div class=\"wp-block-column is-layout-flow wp-block-column-is-layout-flow\"><\/div>\n<\/div>\n<\/div><\/div>\n\n\n\n<div class=\"wp-block-group is-layout-constrained wp-container-core-group-is-layout-2 wp-block-group-is-layout-constrained\" style=\"padding-top:150px;padding-right:var(--wp--preset--spacing--50);padding-bottom:150px;padding-left:var(--wp--preset--spacing--50)\">\n<div class=\"wp-block-group is-layout-constrained wp-container-core-group-is-layout-1 wp-block-group-is-layout-constrained\" style=\"padding-right:0%;padding-left:0%\">\n<p>\u00c0 l&#8217;\u00e8re num\u00e9rique actuelle, les entreprises font face \u00e0 des d\u00e9fis de taille dans la gestion des relations clients. La croissance exponentielle des donn\u00e9es, les attentes \u00e9lev\u00e9es des clients et l&#8217;\u00e9volution rapide des technologies ont plac\u00e9 le choix et la gestion d&#8217;un CRM au centre des pr\u00e9occupations.<\/p>\n\n\n\n<p class=\"has-black-color has-text-color has-link-color wp-elements-6c0a53b0923266bc257716108163e630\">Naviguer dans cet environnement complexe signifie relever des d\u00e9fis vari\u00e9s. La gestion massive de donn\u00e9es, les attentes croissantes des clients et la n\u00e9cessit\u00e9 de s&#8217;adapter dans le monde en \u00e9volution perp\u00e9tuelle sont autant de d\u00e9fis \u00e0 surmonter. La croissance des leads, la gestion des donn\u00e9es et l&#8217;automatisation intelligente des t\u00e2ches deviennent des imp\u00e9ratifs pour rester comp\u00e9titif.<\/p>\n\n\n\n<p>Chez Dedieu Conseil, nous comprenons que chaque entreprise est unique, avec ses propres d\u00e9fis et opportunit\u00e9s. Notre approche strat\u00e9gique commence par une compr\u00e9hension approfondie de vos besoins, puis \u00e9volue vers la cr\u00e9ation d&#8217;une strat\u00e9gie CRM sur mesure. Du choix initial de la solution \u00e0 l&#8217;optimisation des processus existants, nous sommes votre partenaire d\u00e9di\u00e9 pour surmonter ces enjeux avec confiance et succ\u00e8s.<\/p>\n<\/div>\n<\/div>\n\n\n\n<div class=\"wp-block-group has-background is-layout-constrained wp-container-core-group-is-layout-7 wp-block-group-is-layout-constrained\" style=\"background-color:#294147;padding-top:150px;padding-right:var(--wp--preset--spacing--50);padding-bottom:150px;padding-left:var(--wp--preset--spacing--50)\">\n<h2 class=\"wp-block-heading has-ast-global-color-5-color has-text-color has-link-color wp-elements-58337117e6b0e5119b42eb151c9be0fc\" style=\"margin-bottom:var(--wp--preset--spacing--60);font-style:normal;font-weight:700;letter-spacing:1px;line-height:1.4\">Ce que nous pouvons faire pour vous<\/h2>\n\n\n\n<div class=\"wp-block-group is-layout-constrained wp-container-core-group-is-layout-6 wp-block-group-is-layout-constrained\" style=\"padding-right:10%;padding-left:10%\">\n<div class=\"wp-block-group is-content-justification-left is-layout-constrained wp-container-core-group-is-layout-3 wp-block-group-is-layout-constrained\">\n<h5 class=\"wp-block-heading has-ast-global-color-5-color has-text-color has-link-color wp-elements-ca962571b3ddc12e40ff0d7264d4ce14\"><strong><strong>Accompagnement de Choix CRM<\/strong><\/strong><\/h5>\n\n\n\n<p class=\"has-ast-global-color-5-color has-text-color has-link-color wp-elements-06dd5cfec560e1b72c6cb5bae930ce48\">Nous sommes l\u00e0 \u00e0 chaque \u00e9tape pour vous aider \u00e0 naviguer \u00e0 travers la multitude de solutions CRM disponibles. Notre approche personnalis\u00e9e garantit que la solution choisie r\u00e9pond exactement \u00e0 vos besoins, qu&#8217;il s&#8217;agisse d&#8217;am\u00e9liorer vos op\u00e9rations de vente, d&#8217;optimiser la gestion de vos donn\u00e9es ou de automatiser des processus.<\/p>\n<\/div>\n\n\n\n<div class=\"wp-block-group is-content-justification-center is-layout-constrained wp-block-group-is-layout-constrained\">\n<h5 class=\"wp-block-heading has-ast-global-color-5-color has-text-color has-link-color wp-elements-c6e8dc1d7181c24c95f71c34fa9fd741\"><strong><strong><strong><strong><strong><strong>Conseil sur les Outils Int\u00e9gr\u00e9s<\/strong><\/strong><\/strong><\/strong><\/strong><\/strong><\/h5>\n\n\n\n<p class=\"has-ast-global-color-5-color has-text-color has-link-color wp-elements-ee496f83b5bb1b0552c922447638891b\">Au-del\u00e0 des CRM, nous vous accompagnons \u00e9galement dans le choix d&#8217;outils et de produits int\u00e9gr\u00e9s pour augmenter la puissance de votre CRM. Que vous ayez besoin de solutions pour la g\u00e9n\u00e9ration de contrats, l&#8217;enrichissement de donn\u00e9es B2B ou autre, nous vous proposons des conseils experts pour garantir une synergie parfaite avec votre CRM.<\/p>\n<\/div>\n\n\n\n<div class=\"wp-block-group is-content-justification-center is-layout-constrained wp-block-group-is-layout-constrained\">\n<h5 class=\"wp-block-heading has-ast-global-color-5-color has-text-color has-link-color wp-elements-e8a8995b13e8beb5baf1a0501f695800\"><strong><strong><strong><strong><strong><strong><strong><strong>Audit de CRM<\/strong><\/strong><\/strong><\/strong><\/strong><\/strong><\/strong><\/strong><\/h5>\n\n\n\n<p class=\"has-ast-global-color-5-color has-text-color has-link-color wp-elements-ba9f293b82e008c22a1533e8a758c277\">Pour les entreprises ayant d\u00e9j\u00e0 mis en place un CRM, nous offrons des services d&#8217;audit approfondi. Notre \u00e9quipe d&#8217;experts analyse chaque aspect de votre CRM existant, identifiant les points forts et les opportunit\u00e9s d&#8217;am\u00e9lioration. Cet audit pr\u00e9cis et approfondi aide \u00e0 d\u00e9finir des strat\u00e9gies cibl\u00e9es pour optimiser votre utilisation actuelle ou envisager des mises \u00e0 niveau n\u00e9cessaires.<\/p>\n<\/div>\n<\/div>\n<\/div>\n\n\n\n<section class=\"wp-block-group is-layout-constrained wp-block-group-is-layout-constrained\" style=\"padding-top:100px\">\n<div class=\"wp-block-columns are-vertically-aligned-top is-layout-flex wp-container-core-columns-is-layout-2 wp-block-columns-is-layout-flex\" style=\"margin-bottom:200px;padding-right:0;padding-left:0\">\n<div class=\"wp-block-column is-vertically-aligned-top is-layout-flow wp-block-column-is-layout-flow\" style=\"flex-basis:50%\">\n<div class=\"wp-block-group alignwide is-layout-constrained wp-block-group-is-layout-constrained\">\n<figure class=\"wp-block-image size-large\"><img decoding=\"async\" width=\"683\" height=\"1024\" src=\"https:\/\/dedieu-conseil.fr\/wp-content\/uploads\/2023\/11\/image-21-683x1024.jpeg\" alt=\"red and blue wallpaper\" class=\"wp-image-484\" srcset=\"https:\/\/dedieu-conseil.fr\/wp-content\/uploads\/2023\/11\/image-21-683x1024.jpeg 683w, https:\/\/dedieu-conseil.fr\/wp-content\/uploads\/2023\/11\/image-21-200x300.jpeg 200w, https:\/\/dedieu-conseil.fr\/wp-content\/uploads\/2023\/11\/image-21-768x1152.jpeg 768w, https:\/\/dedieu-conseil.fr\/wp-content\/uploads\/2023\/11\/image-21.jpeg 1000w\" sizes=\"(max-width: 683px) 100vw, 683px\" \/><\/figure>\n<\/div>\n<\/div>\n\n\n\n<div class=\"wp-block-column is-vertically-aligned-top is-layout-flow wp-block-column-is-layout-flow\" style=\"flex-basis:50%\">\n<div class=\"wp-block-group has-white-color has-text-color has-link-color wp-elements-d43e78f8ec6af185416c7ca7180ee6a7 is-content-justification-center is-layout-constrained wp-container-core-group-is-layout-16 wp-block-group-is-layout-constrained\" style=\"margin-top:0;margin-bottom:0;padding-top:0;padding-right:0;padding-bottom:0\">\n<h2 class=\"wp-block-heading has-text-align-center\" id=\"schedule-a-visit\" style=\"margin-bottom:var(--wp--preset--spacing--60);font-style:normal;font-weight:700;letter-spacing:1px;line-height:1.4\"><strong>Vous avez un projet ?<\/strong><\/h2>\n\n\n\n<form method=\"post\" class=\"wp-block-gutena-forms gutena-forms-contact-form gutena_forms_ID_cd83cd8993_251120231847 input-box-border-bottom-only after_submit_message is-layout-flow wp-container-gutena-forms-is-layout-1 wp-block-forms-is-layout-flow\" style=\"padding-top:2rem;padding-bottom:5rem\"><input type=\"hidden\" name=\"formid\" value=\"gutena_forms_ID_cd83cd8993_251120231847\"\/>\n<div class=\"wp-block-gutena-field-group  field-group-type-text is-layout-flow wp-block-field-group-is-layout-flow\">\n<div class=\"wp-block-group is-vertical is-layout-flex wp-container-core-group-is-layout-9 wp-block-group-is-layout-flex\">\n<h3 class=\"wp-block-heading heading-input-label-gutena has-black-color has-text-color has-link-color wp-elements-746bad69c9e454b6db47bb7350ac3da5\">Pr\u00e9nom<\/h3>\n\n\n<div class=\"gutena-forms-text-field field-name-first_name  wp-elements-4ca2fddc7c91e64203ee648a1c3829ce wp-block-gutena-form-field has-text-color has-black-color\"><input \n\t\t\t\t name=\"first_name\" type=\"text\" class=\"gutena-forms-field text-field required-field  \" placeholder=\"Saisissez  votre pr\u00e9nom\"  required \n\t\t\t\t\/><\/div><\/div>\n\n\n\n<p class=\"gutena-forms-field-error-msg\"><\/p>\n<\/div>\n\n\n\n<div class=\"wp-block-gutena-field-group  field-group-type-text is-layout-flow wp-block-field-group-is-layout-flow\">\n<div class=\"wp-block-group is-vertical is-layout-flex wp-container-core-group-is-layout-10 wp-block-group-is-layout-flex\">\n<h3 class=\"wp-block-heading heading-input-label-gutena has-black-color has-text-color has-link-color wp-elements-2da83c030e722137b887096df3916bfe\">Nom<\/h3>\n\n\n<div class=\"gutena-forms-text-field field-name-last_name  wp-elements-2ff49bd90965ed7c33f3557759a546e2 wp-block-gutena-form-field has-text-color has-black-color\"><input \n\t\t\t\t name=\"last_name\" type=\"text\" class=\"gutena-forms-field text-field required-field  \" placeholder=\"Saisissez votre nom de famille\"  required \n\t\t\t\t\/><\/div><\/div>\n\n\n\n<p class=\"gutena-forms-field-error-msg\"><\/p>\n<\/div>\n\n\n\n<div class=\"wp-block-gutena-field-group  field-group-type-email is-layout-flow wp-block-field-group-is-layout-flow\">\n<div class=\"wp-block-group is-vertical is-layout-flex wp-container-core-group-is-layout-11 wp-block-group-is-layout-flex\">\n<h3 class=\"wp-block-heading heading-input-label-gutena has-black-color has-text-color has-link-color wp-elements-fce8c296af00f33fce088641862c43cf\">Email<\/h3>\n\n\n<div class=\"gutena-forms-email-field field-name-email  wp-elements-19241dc3054203d1db85a8651e61613f wp-block-gutena-form-field has-text-color has-black-color\"><input \n\t\t\t\t name=\"email\" type=\"email\" class=\"gutena-forms-field email-field required-field  \" placeholder=\"exemple@gmail.com\"  required \n\t\t\t\t\/><\/div><\/div>\n\n\n\n<p class=\"gutena-forms-field-error-msg\"><\/p>\n<\/div>\n\n\n\n<div class=\"wp-block-gutena-field-group  field-group-type-text is-layout-flow wp-block-field-group-is-layout-flow\">\n<div class=\"wp-block-group is-vertical is-layout-flex wp-container-core-group-is-layout-12 wp-block-group-is-layout-flex\">\n<h3 class=\"wp-block-heading heading-input-label-gutena has-black-color has-text-color has-link-color wp-elements-abf43abe90e6de8a05e40bc6767d08b8\">Soci\u00e9t\u00e9<\/h3>\n\n\n<div class=\"gutena-forms-text-field field-name-subject  wp-elements-475862849441b93d9b760346634a4a01 wp-block-gutena-form-field has-text-color has-black-color\"><input \n\t\t\t\t name=\"subject\" type=\"text\" class=\"gutena-forms-field text-field required-field  \" placeholder=\"Saisissez votre soci\u00e9t\u00e9\"  required \n\t\t\t\t\/><\/div><\/div>\n\n\n\n<p class=\"gutena-forms-field-error-msg\"><\/p>\n<\/div>\n\n\n\n<div class=\"wp-block-gutena-field-group  field-group-type-textarea is-layout-flow wp-block-field-group-is-layout-flow\">\n<div class=\"wp-block-group is-vertical is-layout-flex wp-container-core-group-is-layout-13 wp-block-group-is-layout-flex\">\n<h3 class=\"wp-block-heading heading-input-label-gutena has-black-color has-text-color has-link-color wp-elements-2b76faf13418e096b87dd2807f5740ee\">Parlez nous de votre projet<\/h3>\n\n\n<div class=\"gutena-forms-textarea-field field-name-message  wp-elements-775327934cf577e3048f71852f332c18 wp-block-gutena-form-field has-text-color has-black-color\"><textarea \n\t\t\t\t name=\"message\" rows=\"3\" class=\"gutena-forms-field textarea-field required-field  \" placeholder=\"Votre projet en quelques mots\"  required \n\t\t\t\t><\/textarea><\/div><\/div>\n\n\n\n<p class=\"gutena-forms-field-error-msg\"><\/p>\n<\/div>\n\n\n\n<div class=\"wp-block-buttons gutena-forms-submit-buttons is-content-justification-center is-layout-flex wp-container-core-buttons-is-layout-2 wp-block-buttons-is-layout-flex\">\n<div class=\"wp-block-button gutena-forms-submit-button is-style-fill\"><button class=\"wp-block-button__link wp-element-button\">Envoyer<\/button><\/div>\n<\/div>\n\n\n\n<div class=\"wp-block-gutena-form-confirm-msg is-layout-flow wp-block-form-confirm-msg-is-layout-flow\">\n<div class=\"wp-block-group has-background is-content-justification-left is-nowrap is-layout-flex wp-container-core-group-is-layout-14 wp-block-group-is-layout-flex\" style=\"border-radius:5px;background-color:#d8eacc;padding-top:12px;padding-right:12px;padding-bottom:12px;padding-left:12px\">\n<figure class=\"wp-block-image size-large form-message-icon\"><img decoding=\"async\" src=\"data:image\/svg+xml;base64,PHN2ZyB3aWR0aD0iMTYiIGhlaWdodD0iMTYiIHZpZXdCb3g9IjAgMCAxNiAxNiIgZmlsbD0ibm9uZSIgeG1sbnM9Imh0dHA6Ly93d3cudzMub3JnLzIwMDAvc3ZnIj4KPHBhdGggZD0iTTggMTZDMy41ODE2IDE2IDAgMTIuNDE4NCAwIDhDMCAzLjU4MTYgMy41ODE2IDAgOCAwQzEyLjQxODQgMCAxNiAzLjU4MTYgMTYgOEMxNiAxMi40MTg0IDEyLjQxODQgMTYgOCAxNlpNOCAxNC40QzkuNjk3MzkgMTQuNCAxMS4zMjUzIDEzLjcyNTcgMTIuNTI1NSAxMi41MjU1QzEzLjcyNTcgMTEuMzI1MyAxNC40IDkuNjk3MzkgMTQuNCA4QzE0LjQgNi4zMDI2MSAxMy43MjU3IDQuNjc0NzUgMTIuNTI1NSAzLjQ3NDUyQzExLjMyNTMgMi4yNzQyOCA5LjY5NzM5IDEuNiA4IDEuNkM2LjMwMjYxIDEuNiA0LjY3NDc1IDIuMjc0MjggMy40NzQ1MiAzLjQ3NDUyQzIuMjc0MjggNC42NzQ3NSAxLjYgNi4zMDI2MSAxLjYgOEMxLjYgOS42OTczOSAyLjI3NDI4IDExLjMyNTMgMy40NzQ1MiAxMi41MjU1QzQuNjc0NzUgMTMuNzI1NyA2LjMwMjYxIDE0LjQgOCAxNC40Wk03LjIwMjQgMTEuMkwzLjgwOCA3LjgwNTZMNC45MzkyIDYuNjc0NEw3LjIwMjQgOC45Mzc2TDExLjcyNzIgNC40MTJMMTIuODU5MiA1LjU0MzJMNy4yMDI0IDExLjJaIiBmaWxsPSIjNDY4NDFFIi8+Cjwvc3ZnPgo=\" alt=\"Success\" class=\"wp-image-3811\"\/><\/figure>\n\n\n\n<p class=\"has-black-color has-text-color has-tiny-font-size\" style=\"font-size:12px;font-style:normal;font-weight:500;line-height:1.2\">Votre formulaire a \u00e9t\u00e9 envoy\u00e9 avec succ\u00e8s !<\/p>\n<\/div>\n<\/div>\n\n\n\n<div class=\"wp-block-gutena-form-error-msg is-layout-flow wp-block-form-error-msg-is-layout-flow\">\n<div class=\"wp-block-group has-background is-content-justification-left is-nowrap is-layout-flex wp-container-core-group-is-layout-15 wp-block-group-is-layout-flex\" style=\"border-radius:5px;background-color:#ffd3d3;padding-top:12px;padding-right:12px;padding-bottom:12px;padding-left:12px\">\n<figure class=\"wp-block-image size-large form-message-icon\"><img decoding=\"async\" src=\"data:image\/svg+xml;base64,PHN2ZyB3aWR0aD0iMTYiIGhlaWdodD0iMTYiIHZpZXdCb3g9IjAgMCAxNiAxNiIgZmlsbD0ibm9uZSIgeG1sbnM9Imh0dHA6Ly93d3cudzMub3JnLzIwMDAvc3ZnIj4KPHBhdGggZD0iTTggMTZDMy41ODE2IDE2IDAgMTIuNDE4NCAwIDhDMCAzLjU4MTYgMy41ODE2IDAgOCAwQzEyLjQxODQgMCAxNiAzLjU4MTYgMTYgOEMxNiAxMi40MTg0IDEyLjQxODQgMTYgOCAxNlpNOCAxNC40QzkuNjk3MzkgMTQuNCAxMS4zMjUzIDEzLjcyNTcgMTIuNTI1NSAxMi41MjU1QzEzLjcyNTcgMTEuMzI1MyAxNC40IDkuNjk3MzkgMTQuNCA4QzE0LjQgNi4zMDI2MSAxMy43MjU3IDQuNjc0NzUgMTIuNTI1NSAzLjQ3NDUyQzExLjMyNTMgMi4yNzQyOCA5LjY5NzM5IDEuNiA4IDEuNkM2LjMwMjYxIDEuNiA0LjY3NDc1IDIuMjc0MjggMy40NzQ1MiAzLjQ3NDUyQzIuMjc0MjggNC42NzQ3NSAxLjYgNi4zMDI2MSAxLjYgOEMxLjYgOS42OTczOSAyLjI3NDI4IDExLjMyNTMgMy40NzQ1MiAxMi41MjU1QzQuNjc0NzUgMTMuNzI1NyA2LjMwMjYxIDE0LjQgOCAxNC40Wk03LjIgMTAuNEg4LjhWMTJINy4yVjEwLjRaTTcuMiA0SDguOFY4LjhINy4yVjRaIiBmaWxsPSIjQzUxOTE5Ii8+Cjwvc3ZnPgo=\" alt=\"Error\" class=\"wp-image-3811\"\/><\/figure>\n\n\n\n<p class=\"gutena-forms-error-text has-black-color has-text-color\" style=\"font-size:12px;font-style:normal;font-weight:500;line-height:1.2\">D\u00e9sol\u00e9 ! Votre formulaire n&#8217;a pas \u00e9t\u00e9 soumis correctement, veuillez v\u00e9rifier les erreurs ci-dessus.<\/p>\n<\/div>\n<\/div>\n<\/form>\n<\/div>\n<\/div>\n<\/div>\n<\/section>\n","protected":false},"excerpt":{"rendered":"<p>\u00c0 l&#8217;\u00e8re num\u00e9rique actuelle, les entreprises font face \u00e0 des d\u00e9fis de taille dans la gestion des relations clients. La croissance exponentielle des donn\u00e9es, les attentes \u00e9lev\u00e9es des clients et l&#8217;\u00e9volution rapide des technologies ont plac\u00e9 le choix et la gestion d&#8217;un CRM au centre des pr\u00e9occupations. Naviguer dans cet environnement complexe signifie relever des &hellip;<\/p>\n<p class=\"read-more\"> <a class=\"\" href=\"https:\/\/dedieu-conseil.fr\/index.php\/expertise\/strategie\/\"> <span class=\"screen-reader-text\">Strat\u00e9gie<\/span> Read More &raquo;<\/a><\/p>\n","protected":false},"author":1,"featured_media":0,"parent":403,"menu_order":0,"comment_status":"closed","ping_status":"closed","template":"","meta":{"site-sidebar-layout":"default","site-content-layout":"","ast-site-content-layout":"","site-content-style":"default","site-sidebar-style":"default","ast-global-header-display":"","ast-banner-title-visibility":"","ast-main-header-display":"","ast-hfb-above-header-display":"","ast-hfb-below-header-display":"","ast-hfb-mobile-header-display":"","site-post-title":"disabled","ast-breadcrumbs-content":"","ast-featured-img":"","footer-sml-layout":"","theme-transparent-header-meta":"","adv-header-id-meta":"","stick-header-meta":"","header-above-stick-meta":"","header-main-stick-meta":"","header-below-stick-meta":"","astra-migrate-meta-layouts":"","ast-page-background-enabled":"default","ast-page-background-meta":{"desktop":{"background-color":"var(--ast-global-color-4)","background-image":"","background-repeat":"repeat","background-position":"center center","background-size":"auto","background-attachment":"scroll","background-type":"","background-media":"","overlay-type":"","overlay-color":"","overlay-gradient":""},"tablet":{"background-color":"","background-image":"","background-repeat":"repeat","background-position":"center center","background-size":"auto","background-attachment":"scroll","background-type":"","background-media":"","overlay-type":"","overlay-color":"","overlay-gradient":""},"mobile":{"background-color":"","background-image":"","background-repeat":"repeat","background-position":"center center","background-size":"auto","background-attachment":"scroll","background-type":"","background-media":"","overlay-type":"","overlay-color":"","overlay-gradient":""}},"ast-content-background-meta":{"desktop":{"background-color":"var(--ast-global-color-5)","background-image":"","background-repeat":"repeat","background-position":"center center","background-size":"auto","background-attachment":"scroll","background-type":"","background-media":"","overlay-type":"","overlay-color":"","overlay-gradient":""},"tablet":{"background-color":"var(--ast-global-color-5)","background-image":"","background-repeat":"repeat","background-position":"center center","background-size":"auto","background-attachment":"scroll","background-type":"","background-media":"","overlay-type":"","overlay-color":"","overlay-gradient":""},"mobile":{"background-color":"var(--ast-global-color-5)","background-image":"","background-repeat":"repeat","background-position":"center center","background-size":"auto","background-attachment":"scroll","background-type":"","background-media":"","overlay-type":"","overlay-color":"","overlay-gradient":""}},"footnotes":""},"class_list":["post-547","page","type-page","status-publish","hentry"],"_links":{"self":[{"href":"https:\/\/dedieu-conseil.fr\/index.php\/wp-json\/wp\/v2\/pages\/547"}],"collection":[{"href":"https:\/\/dedieu-conseil.fr\/index.php\/wp-json\/wp\/v2\/pages"}],"about":[{"href":"https:\/\/dedieu-conseil.fr\/index.php\/wp-json\/wp\/v2\/types\/page"}],"author":[{"embeddable":true,"href":"https:\/\/dedieu-conseil.fr\/index.php\/wp-json\/wp\/v2\/users\/1"}],"replies":[{"embeddable":true,"href":"https:\/\/dedieu-conseil.fr\/index.php\/wp-json\/wp\/v2\/comments?post=547"}],"version-history":[{"count":35,"href":"https:\/\/dedieu-conseil.fr\/index.php\/wp-json\/wp\/v2\/pages\/547\/revisions"}],"predecessor-version":[{"id":1168,"href":"https:\/\/dedieu-conseil.fr\/index.php\/wp-json\/wp\/v2\/pages\/547\/revisions\/1168"}],"up":[{"embeddable":true,"href":"https:\/\/dedieu-conseil.fr\/index.php\/wp-json\/wp\/v2\/pages\/403"}],"wp:attachment":[{"href":"https:\/\/dedieu-conseil.fr\/index.php\/wp-json\/wp\/v2\/media?parent=547"}],"curies":[{"name":"wp","href":"https:\/\/api.w.org\/{rel}","templated":true}]}}