{"id":403,"date":"2023-11-23T19:08:41","date_gmt":"2023-11-23T18:08:41","guid":{"rendered":"https:\/\/dedieu-conseil.fr\/?page_id=403"},"modified":"2023-12-05T16:58:47","modified_gmt":"2023-12-05T15:58:47","slug":"expertise","status":"publish","type":"page","link":"https:\/\/dedieu-conseil.fr\/index.php\/expertise\/","title":{"rendered":"Expertise"},"content":{"rendered":"\n<div class=\"wp-block-cover alignfull\" style=\"min-height:813px;aspect-ratio:unset;\"><span aria-hidden=\"true\" class=\"wp-block-cover__background has-background-dim-0 has-background-dim\"><\/span><img fetchpriority=\"high\" decoding=\"async\" width=\"7282\" height=\"4707\" class=\"wp-block-cover__image-background wp-image-653\" alt=\"\" src=\"http:\/\/dedieu-conseil.fr\/wp-content\/uploads\/2023\/11\/fond.png\" data-object-fit=\"cover\" srcset=\"https:\/\/dedieu-conseil.fr\/wp-content\/uploads\/2023\/11\/fond.png 7282w, https:\/\/dedieu-conseil.fr\/wp-content\/uploads\/2023\/11\/fond-300x194.png 300w, https:\/\/dedieu-conseil.fr\/wp-content\/uploads\/2023\/11\/fond-1024x662.png 1024w, https:\/\/dedieu-conseil.fr\/wp-content\/uploads\/2023\/11\/fond-768x496.png 768w, https:\/\/dedieu-conseil.fr\/wp-content\/uploads\/2023\/11\/fond-1536x993.png 1536w, https:\/\/dedieu-conseil.fr\/wp-content\/uploads\/2023\/11\/fond-2048x1324.png 2048w\" sizes=\"(max-width: 7282px) 100vw, 7282px\" \/><div class=\"wp-block-cover__inner-container is-layout-constrained wp-block-cover-is-layout-constrained\">\n<h2 class=\"wp-block-heading has-ast-global-color-4-color has-text-color has-link-color wp-elements-c61096a9722a2d9628625e08c6e883de\" style=\"margin-bottom:2.25rem;padding-top:0;padding-right:0;padding-bottom:0;padding-left:0;font-size:25px;line-height:1.1;text-transform:uppercase\">Notre expertise<\/h2>\n\n\n\n<div class=\"wp-block-columns is-layout-flex wp-container-core-columns-is-layout-1 wp-block-columns-is-layout-flex\">\n<div class=\"wp-block-column is-layout-flow wp-block-column-is-layout-flow\">\n<h2 class=\"wp-block-heading\">Strat\u00e9gie<\/h2>\n\n\n\n<p class=\"has-white-color has-text-color has-link-color has-normal-font-size wp-elements-0ceca015dc71ff07fd616f2d4e654310\" style=\"line-height:1.5\">Affinez votre utilisation de Salesforce avec nos audits approfondis et conseils sur mesure, cr\u00e9ant une feuille de route strat\u00e9gique pour maximiser la valeur de la plateforme.<\/p>\n\n\n\n<div class=\"wp-block-buttons is-content-justification-right is-layout-flex wp-container-core-buttons-is-layout-1 wp-block-buttons-is-layout-flex\">\n<div class=\"wp-block-button is-style-outline is-style-outline--718656fbdd4013f57f98484d6b64b2ae\"><a class=\"wp-block-button__link has-background has-border-color has-text-align-left wp-element-button\" href=\"https:\/\/dedieu-conseil.fr\/index.php\/expertise\/strategie\/\" style=\"border-color:var(--ast-global-color-5);border-radius:100px;background-color:#ffffff00\"><img decoding=\"async\" width=\"50\" height=\"19\" class=\"wp-image-681\" style=\"width: 50px;\" src=\"http:\/\/dedieu-conseil.fr\/wp-content\/uploads\/2023\/11\/thin-arrow-stroke-icon-png-white-1.png\" alt=\"\" srcset=\"https:\/\/dedieu-conseil.fr\/wp-content\/uploads\/2023\/11\/thin-arrow-stroke-icon-png-white-1.png 1920w, https:\/\/dedieu-conseil.fr\/wp-content\/uploads\/2023\/11\/thin-arrow-stroke-icon-png-white-1-300x113.png 300w, https:\/\/dedieu-conseil.fr\/wp-content\/uploads\/2023\/11\/thin-arrow-stroke-icon-png-white-1-1024x384.png 1024w, https:\/\/dedieu-conseil.fr\/wp-content\/uploads\/2023\/11\/thin-arrow-stroke-icon-png-white-1-768x288.png 768w, https:\/\/dedieu-conseil.fr\/wp-content\/uploads\/2023\/11\/thin-arrow-stroke-icon-png-white-1-1536x576.png 1536w\" sizes=\"(max-width: 50px) 100vw, 50px\" \/><\/a><\/div>\n<\/div>\n<\/div>\n\n\n\n<div class=\"wp-block-column is-layout-flow wp-block-column-is-layout-flow\">\n<h2 class=\"wp-block-heading\"><strong>Int\u00e9gration<\/strong><\/h2>\n\n\n\n<p class=\"has-white-color has-text-color has-link-color has-normal-font-size wp-elements-fd8c25b184c4086cfc39b370c6dad5e8\" style=\"line-height:1.5\">Assurez une transition sans heurts vers Salesforce gr\u00e2ce \u00e0 nos solutions d&#8217;int\u00e9gration personnalis\u00e9es, garantissant une collaboration harmonieuse avec vos syst\u00e8mes existants.<\/p>\n\n\n\n<div class=\"wp-block-buttons is-content-justification-right is-layout-flex wp-container-core-buttons-is-layout-2 wp-block-buttons-is-layout-flex\">\n<div class=\"wp-block-button is-style-outline is-style-outline--b5d447490c0b21195965eb813338b261\"><a class=\"wp-block-button__link has-background has-border-color has-text-align-left wp-element-button\" href=\"https:\/\/dedieu-conseil.fr\/index.php\/expertise\/integration\/\" style=\"border-color:var(--ast-global-color-5);border-radius:100px;background-color:#ffffff00\"><img decoding=\"async\" width=\"50\" height=\"19\" class=\"wp-image-681\" style=\"width: 50px;\" src=\"http:\/\/dedieu-conseil.fr\/wp-content\/uploads\/2023\/11\/thin-arrow-stroke-icon-png-white-1.png\" alt=\"\" srcset=\"https:\/\/dedieu-conseil.fr\/wp-content\/uploads\/2023\/11\/thin-arrow-stroke-icon-png-white-1.png 1920w, https:\/\/dedieu-conseil.fr\/wp-content\/uploads\/2023\/11\/thin-arrow-stroke-icon-png-white-1-300x113.png 300w, https:\/\/dedieu-conseil.fr\/wp-content\/uploads\/2023\/11\/thin-arrow-stroke-icon-png-white-1-1024x384.png 1024w, https:\/\/dedieu-conseil.fr\/wp-content\/uploads\/2023\/11\/thin-arrow-stroke-icon-png-white-1-768x288.png 768w, https:\/\/dedieu-conseil.fr\/wp-content\/uploads\/2023\/11\/thin-arrow-stroke-icon-png-white-1-1536x576.png 1536w\" sizes=\"(max-width: 50px) 100vw, 50px\" \/><\/a><\/div>\n<\/div>\n<\/div>\n\n\n\n<div class=\"wp-block-column is-layout-flow wp-block-column-is-layout-flow\">\n<h2 class=\"wp-block-heading\"><strong>Maintenance<\/strong><\/h2>\n\n\n\n<p class=\"has-white-color has-text-color has-link-color has-normal-font-size wp-elements-6077d5b9349107192e01d2deccbd38ff\" style=\"line-height:1.5\">Notre service de maintenance d\u00e9di\u00e9 offre une assistance rapide et efficace, garantissant que Salesforce fonctionne de mani\u00e8re optimale pour lib\u00e9rer votre \u00e9quipe des tracas techniques.<\/p>\n\n\n\n<div class=\"wp-block-buttons is-content-justification-right is-layout-flex wp-container-core-buttons-is-layout-3 wp-block-buttons-is-layout-flex\">\n<div class=\"wp-block-button is-style-outline is-style-outline--12b8aba313065d144a8e87dc8c2b77d9\"><a class=\"wp-block-button__link has-background has-border-color has-text-align-left wp-element-button\" href=\"https:\/\/dedieu-conseil.fr\/index.php\/expertise\/maintenance\/\" style=\"border-color:var(--ast-global-color-5);border-radius:100px;background-color:#ffffff00\"><img decoding=\"async\" width=\"50\" height=\"19\" class=\"wp-image-681\" style=\"width: 50px;\" src=\"http:\/\/dedieu-conseil.fr\/wp-content\/uploads\/2023\/11\/thin-arrow-stroke-icon-png-white-1.png\" alt=\"\" srcset=\"https:\/\/dedieu-conseil.fr\/wp-content\/uploads\/2023\/11\/thin-arrow-stroke-icon-png-white-1.png 1920w, https:\/\/dedieu-conseil.fr\/wp-content\/uploads\/2023\/11\/thin-arrow-stroke-icon-png-white-1-300x113.png 300w, https:\/\/dedieu-conseil.fr\/wp-content\/uploads\/2023\/11\/thin-arrow-stroke-icon-png-white-1-1024x384.png 1024w, https:\/\/dedieu-conseil.fr\/wp-content\/uploads\/2023\/11\/thin-arrow-stroke-icon-png-white-1-768x288.png 768w, https:\/\/dedieu-conseil.fr\/wp-content\/uploads\/2023\/11\/thin-arrow-stroke-icon-png-white-1-1536x576.png 1536w\" sizes=\"(max-width: 50px) 100vw, 50px\" \/><\/a><\/div>\n<\/div>\n<\/div>\n<\/div>\n<\/div><\/div>\n\n\n\n<div class=\"wp-block-group is-layout-constrained wp-block-group-is-layout-constrained\" style=\"padding-top:200px\">\n<div class=\"wp-block-columns is-layout-flex wp-container-core-columns-is-layout-2 wp-block-columns-is-layout-flex\" style=\"margin-bottom:200px;padding-right:0;padding-left:0\">\n<div class=\"wp-block-column is-layout-flow wp-block-column-is-layout-flow\">\n<figure class=\"wp-block-image size-large\"><img decoding=\"async\" width=\"683\" height=\"1024\" src=\"http:\/\/dedieu-conseil.fr\/wp-content\/uploads\/2023\/11\/image-21-683x1024.jpeg\" alt=\"red and blue wallpaper\" class=\"wp-image-484\" srcset=\"https:\/\/dedieu-conseil.fr\/wp-content\/uploads\/2023\/11\/image-21-683x1024.jpeg 683w, https:\/\/dedieu-conseil.fr\/wp-content\/uploads\/2023\/11\/image-21-200x300.jpeg 200w, https:\/\/dedieu-conseil.fr\/wp-content\/uploads\/2023\/11\/image-21-768x1152.jpeg 768w, https:\/\/dedieu-conseil.fr\/wp-content\/uploads\/2023\/11\/image-21.jpeg 1000w\" sizes=\"(max-width: 683px) 100vw, 683px\" \/><\/figure>\n<\/div>\n\n\n\n<div class=\"wp-block-column is-layout-flow wp-block-column-is-layout-flow\">\n<div class=\"wp-block-group has-white-color has-text-color has-link-color wp-elements-13a7d626ce52db9c9744987275d33ab2 is-content-justification-center is-layout-constrained wp-container-core-group-is-layout-8 wp-block-group-is-layout-constrained\" style=\"margin-top:0;margin-bottom:0;padding-top:0;padding-right:0;padding-bottom:0\">\n<h2 class=\"wp-block-heading has-text-align-center\" id=\"schedule-a-visit\" style=\"margin-bottom:var(--wp--preset--spacing--60);font-style:normal;font-weight:700;letter-spacing:1px;line-height:1.4\"><strong>Vous avez un projet ?<\/strong><\/h2>\n\n\n\n<form method=\"post\" class=\"wp-block-gutena-forms gutena-forms-contact-form gutena_forms_ID_cd83cd8993_251120231847 input-box-border-bottom-only after_submit_message is-layout-flow wp-container-gutena-forms-is-layout-1 wp-block-forms-is-layout-flow\" style=\"padding-top:2rem;padding-bottom:5rem\"><input type=\"hidden\" name=\"formid\" value=\"gutena_forms_ID_cd83cd8993_251120231847\"\/>\n<div class=\"wp-block-gutena-field-group  field-group-type-text is-layout-flow wp-block-field-group-is-layout-flow\">\n<div class=\"wp-block-group is-vertical is-layout-flex wp-container-core-group-is-layout-1 wp-block-group-is-layout-flex\">\n<h3 class=\"wp-block-heading heading-input-label-gutena has-black-color has-text-color has-link-color wp-elements-746bad69c9e454b6db47bb7350ac3da5\">Pr\u00e9nom<\/h3>\n\n\n<div class=\"gutena-forms-text-field field-name-f_0  wp-elements-91fe7b93026e975cc747f98dc4cada95 wp-block-gutena-form-field has-text-color has-black-color\"><input \n\t\t\t\t name=\"f_0\" type=\"text\" class=\"gutena-forms-field text-field required-field  \" placeholder=\"Saisissez  votre pr\u00e9nom\"  required \n\t\t\t\t\/><\/div><\/div>\n\n\n\n<p class=\"gutena-forms-field-error-msg\"><\/p>\n<\/div>\n\n\n\n<div class=\"wp-block-gutena-field-group  field-group-type-text is-layout-flow wp-block-field-group-is-layout-flow\">\n<div class=\"wp-block-group is-vertical is-layout-flex wp-container-core-group-is-layout-2 wp-block-group-is-layout-flex\">\n<h3 class=\"wp-block-heading heading-input-label-gutena has-black-color has-text-color has-link-color wp-elements-2da83c030e722137b887096df3916bfe\">Nom<\/h3>\n\n\n<div class=\"gutena-forms-text-field field-name-f_1  wp-elements-3ee388317e7536c6566f9f4d8e3ac2b3 wp-block-gutena-form-field has-text-color has-black-color\"><input \n\t\t\t\t name=\"f_1\" type=\"text\" class=\"gutena-forms-field text-field required-field  \" placeholder=\"Saisissez votre nom de famille\"  required \n\t\t\t\t\/><\/div><\/div>\n\n\n\n<p class=\"gutena-forms-field-error-msg\"><\/p>\n<\/div>\n\n\n\n<div class=\"wp-block-gutena-field-group  field-group-type-email is-layout-flow wp-block-field-group-is-layout-flow\">\n<div class=\"wp-block-group is-vertical is-layout-flex wp-container-core-group-is-layout-3 wp-block-group-is-layout-flex\">\n<h3 class=\"wp-block-heading heading-input-label-gutena has-black-color has-text-color has-link-color wp-elements-fce8c296af00f33fce088641862c43cf\">Email<\/h3>\n\n\n<div class=\"gutena-forms-email-field field-name-f_2  wp-elements-7b6e9d3103ad667dca0adb32306c75c7 wp-block-gutena-form-field has-text-color has-black-color\"><input \n\t\t\t\t name=\"f_2\" type=\"email\" class=\"gutena-forms-field email-field required-field  \" placeholder=\"exemple@gmail.com\"  required \n\t\t\t\t\/><\/div><\/div>\n\n\n\n<p class=\"gutena-forms-field-error-msg\"><\/p>\n<\/div>\n\n\n\n<div class=\"wp-block-gutena-field-group  field-group-type-text is-layout-flow wp-block-field-group-is-layout-flow\">\n<div class=\"wp-block-group is-vertical is-layout-flex wp-container-core-group-is-layout-4 wp-block-group-is-layout-flex\">\n<h3 class=\"wp-block-heading heading-input-label-gutena has-black-color has-text-color has-link-color wp-elements-abf43abe90e6de8a05e40bc6767d08b8\">Soci\u00e9t\u00e9<\/h3>\n\n\n<div class=\"gutena-forms-text-field field-name-f_3  wp-elements-97c479fb3e4f5c396088ba16028af595 wp-block-gutena-form-field has-text-color has-black-color\"><input \n\t\t\t\t name=\"f_3\" type=\"text\" class=\"gutena-forms-field text-field required-field  \" placeholder=\"Saisissez votre soci\u00e9t\u00e9\"  required \n\t\t\t\t\/><\/div><\/div>\n\n\n\n<p class=\"gutena-forms-field-error-msg\"><\/p>\n<\/div>\n\n\n\n<div class=\"wp-block-gutena-field-group  field-group-type-textarea is-layout-flow wp-block-field-group-is-layout-flow\">\n<div class=\"wp-block-group is-vertical is-layout-flex wp-container-core-group-is-layout-5 wp-block-group-is-layout-flex\">\n<h3 class=\"wp-block-heading heading-input-label-gutena has-black-color has-text-color has-link-color wp-elements-2b76faf13418e096b87dd2807f5740ee\">Parlez nous de votre projet<\/h3>\n\n\n<div class=\"gutena-forms-textarea-field field-name-f_4  wp-elements-6ba1dcf171a4278622bb6d8a2f388a93 wp-block-gutena-form-field has-text-color has-black-color\"><textarea \n\t\t\t\t name=\"f_4\" rows=\"3\" class=\"gutena-forms-field textarea-field required-field  \" placeholder=\"Votre projet en quelques mots\"  required \n\t\t\t\t><\/textarea><\/div><\/div>\n\n\n\n<p class=\"gutena-forms-field-error-msg\"><\/p>\n<\/div>\n\n\n\n<div class=\"wp-block-buttons gutena-forms-submit-buttons is-content-justification-center is-layout-flex wp-container-core-buttons-is-layout-4 wp-block-buttons-is-layout-flex\">\n<div class=\"wp-block-button gutena-forms-submit-button is-style-outline is-style-outline--5994e6fbd724514a71bb490a1b172e79\"><button class=\"wp-block-button__link has-white-color has-black-background-color has-text-color has-background has-link-color wp-element-button\">Envoyer<\/button><\/div>\n<\/div>\n\n\n\n<div class=\"wp-block-gutena-form-confirm-msg is-layout-flow wp-block-form-confirm-msg-is-layout-flow\">\n<div class=\"wp-block-group has-background is-content-justification-left is-nowrap is-layout-flex wp-container-core-group-is-layout-6 wp-block-group-is-layout-flex\" style=\"border-radius:5px;background-color:#d8eacc;padding-top:12px;padding-right:12px;padding-bottom:12px;padding-left:12px\">\n<figure class=\"wp-block-image size-large form-message-icon\"><img decoding=\"async\" src=\"data:image\/svg+xml;base64,PHN2ZyB3aWR0aD0iMTYiIGhlaWdodD0iMTYiIHZpZXdCb3g9IjAgMCAxNiAxNiIgZmlsbD0ibm9uZSIgeG1sbnM9Imh0dHA6Ly93d3cudzMub3JnLzIwMDAvc3ZnIj4KPHBhdGggZD0iTTggMTZDMy41ODE2IDE2IDAgMTIuNDE4NCAwIDhDMCAzLjU4MTYgMy41ODE2IDAgOCAwQzEyLjQxODQgMCAxNiAzLjU4MTYgMTYgOEMxNiAxMi40MTg0IDEyLjQxODQgMTYgOCAxNlpNOCAxNC40QzkuNjk3MzkgMTQuNCAxMS4zMjUzIDEzLjcyNTcgMTIuNTI1NSAxMi41MjU1QzEzLjcyNTcgMTEuMzI1MyAxNC40IDkuNjk3MzkgMTQuNCA4QzE0LjQgNi4zMDI2MSAxMy43MjU3IDQuNjc0NzUgMTIuNTI1NSAzLjQ3NDUyQzExLjMyNTMgMi4yNzQyOCA5LjY5NzM5IDEuNiA4IDEuNkM2LjMwMjYxIDEuNiA0LjY3NDc1IDIuMjc0MjggMy40NzQ1MiAzLjQ3NDUyQzIuMjc0MjggNC42NzQ3NSAxLjYgNi4zMDI2MSAxLjYgOEMxLjYgOS42OTczOSAyLjI3NDI4IDExLjMyNTMgMy40NzQ1MiAxMi41MjU1QzQuNjc0NzUgMTMuNzI1NyA2LjMwMjYxIDE0LjQgOCAxNC40Wk03LjIwMjQgMTEuMkwzLjgwOCA3LjgwNTZMNC45MzkyIDYuNjc0NEw3LjIwMjQgOC45Mzc2TDExLjcyNzIgNC40MTJMMTIuODU5MiA1LjU0MzJMNy4yMDI0IDExLjJaIiBmaWxsPSIjNDY4NDFFIi8+Cjwvc3ZnPgo=\" alt=\"Success\" class=\"wp-image-3811\"\/><\/figure>\n\n\n\n<p class=\"has-black-color has-text-color has-tiny-font-size\" style=\"font-size:12px;font-style:normal;font-weight:500;line-height:1.2\">Votre formulaire a \u00e9t\u00e9 envoy\u00e9 avec succ\u00e8s !<\/p>\n<\/div>\n<\/div>\n\n\n\n<div class=\"wp-block-gutena-form-error-msg is-layout-flow wp-block-form-error-msg-is-layout-flow\">\n<div class=\"wp-block-group has-background is-content-justification-left is-nowrap is-layout-flex wp-container-core-group-is-layout-7 wp-block-group-is-layout-flex\" style=\"border-radius:5px;background-color:#ffd3d3;padding-top:12px;padding-right:12px;padding-bottom:12px;padding-left:12px\">\n<figure class=\"wp-block-image size-large form-message-icon\"><img decoding=\"async\" src=\"data:image\/svg+xml;base64,PHN2ZyB3aWR0aD0iMTYiIGhlaWdodD0iMTYiIHZpZXdCb3g9IjAgMCAxNiAxNiIgZmlsbD0ibm9uZSIgeG1sbnM9Imh0dHA6Ly93d3cudzMub3JnLzIwMDAvc3ZnIj4KPHBhdGggZD0iTTggMTZDMy41ODE2IDE2IDAgMTIuNDE4NCAwIDhDMCAzLjU4MTYgMy41ODE2IDAgOCAwQzEyLjQxODQgMCAxNiAzLjU4MTYgMTYgOEMxNiAxMi40MTg0IDEyLjQxODQgMTYgOCAxNlpNOCAxNC40QzkuNjk3MzkgMTQuNCAxMS4zMjUzIDEzLjcyNTcgMTIuNTI1NSAxMi41MjU1QzEzLjcyNTcgMTEuMzI1MyAxNC40IDkuNjk3MzkgMTQuNCA4QzE0LjQgNi4zMDI2MSAxMy43MjU3IDQuNjc0NzUgMTIuNTI1NSAzLjQ3NDUyQzExLjMyNTMgMi4yNzQyOCA5LjY5NzM5IDEuNiA4IDEuNkM2LjMwMjYxIDEuNiA0LjY3NDc1IDIuMjc0MjggMy40NzQ1MiAzLjQ3NDUyQzIuMjc0MjggNC42NzQ3NSAxLjYgNi4zMDI2MSAxLjYgOEMxLjYgOS42OTczOSAyLjI3NDI4IDExLjMyNTMgMy40NzQ1MiAxMi41MjU1QzQuNjc0NzUgMTMuNzI1NyA2LjMwMjYxIDE0LjQgOCAxNC40Wk03LjIgMTAuNEg4LjhWMTJINy4yVjEwLjRaTTcuMiA0SDguOFY4LjhINy4yVjRaIiBmaWxsPSIjQzUxOTE5Ii8+Cjwvc3ZnPgo=\" alt=\"Error\" class=\"wp-image-3811\"\/><\/figure>\n\n\n\n<p class=\"gutena-forms-error-text has-black-color has-text-color\" style=\"font-size:12px;font-style:normal;font-weight:500;line-height:1.2\">D\u00e9sol\u00e9 ! Votre formulaire n&#8217;a pas \u00e9t\u00e9 soumis correctement, veuillez v\u00e9rifier les erreurs ci-dessus.<\/p>\n<\/div>\n<\/div>\n<\/form>\n<\/div>\n<\/div>\n<\/div>\n<\/div>\n","protected":false},"excerpt":{"rendered":"<p>Vous avez un projet ?<\/p>\n","protected":false},"author":1,"featured_media":0,"parent":0,"menu_order":0,"comment_status":"closed","ping_status":"closed","template":"","meta":{"site-sidebar-layout":"default","site-content-layout":"","ast-site-content-layout":"","site-content-style":"default","site-sidebar-style":"default","ast-global-header-display":"","ast-banner-title-visibility":"","ast-main-header-display":"","ast-hfb-above-header-display":"","ast-hfb-below-header-display":"","ast-hfb-mobile-header-display":"","site-post-title":"disabled","ast-breadcrumbs-content":"","ast-featured-img":"","footer-sml-layout":"","theme-transparent-header-meta":"","adv-header-id-meta":"","stick-header-meta":"","header-above-stick-meta":"","header-main-stick-meta":"","header-below-stick-meta":"","astra-migrate-meta-layouts":"","ast-page-background-enabled":"default","ast-page-background-meta":{"desktop":{"background-color":"var(--ast-global-color-4)","background-image":"","background-repeat":"repeat","background-position":"center center","background-size":"auto","background-attachment":"scroll","background-type":"","background-media":"","overlay-type":"","overlay-color":"","overlay-gradient":""},"tablet":{"background-color":"","background-image":"","background-repeat":"repeat","background-position":"center center","background-size":"auto","background-attachment":"scroll","background-type":"","background-media":"","overlay-type":"","overlay-color":"","overlay-gradient":""},"mobile":{"background-color":"","background-image":"","background-repeat":"repeat","background-position":"center center","background-size":"auto","background-attachment":"scroll","background-type":"","background-media":"","overlay-type":"","overlay-color":"","overlay-gradient":""}},"ast-content-background-meta":{"desktop":{"background-color":"var(--ast-global-color-5)","background-image":"","background-repeat":"repeat","background-position":"center center","background-size":"auto","background-attachment":"scroll","background-type":"","background-media":"","overlay-type":"","overlay-color":"","overlay-gradient":""},"tablet":{"background-color":"var(--ast-global-color-5)","background-image":"","background-repeat":"repeat","background-position":"center center","background-size":"auto","background-attachment":"scroll","background-type":"","background-media":"","overlay-type":"","overlay-color":"","overlay-gradient":""},"mobile":{"background-color":"var(--ast-global-color-5)","background-image":"","background-repeat":"repeat","background-position":"center center","background-size":"auto","background-attachment":"scroll","background-type":"","background-media":"","overlay-type":"","overlay-color":"","overlay-gradient":""}},"footnotes":""},"class_list":["post-403","page","type-page","status-publish","hentry"],"_links":{"self":[{"href":"https:\/\/dedieu-conseil.fr\/index.php\/wp-json\/wp\/v2\/pages\/403"}],"collection":[{"href":"https:\/\/dedieu-conseil.fr\/index.php\/wp-json\/wp\/v2\/pages"}],"about":[{"href":"https:\/\/dedieu-conseil.fr\/index.php\/wp-json\/wp\/v2\/types\/page"}],"author":[{"embeddable":true,"href":"https:\/\/dedieu-conseil.fr\/index.php\/wp-json\/wp\/v2\/users\/1"}],"replies":[{"embeddable":true,"href":"https:\/\/dedieu-conseil.fr\/index.php\/wp-json\/wp\/v2\/comments?post=403"}],"version-history":[{"count":9,"href":"https:\/\/dedieu-conseil.fr\/index.php\/wp-json\/wp\/v2\/pages\/403\/revisions"}],"predecessor-version":[{"id":779,"href":"https:\/\/dedieu-conseil.fr\/index.php\/wp-json\/wp\/v2\/pages\/403\/revisions\/779"}],"wp:attachment":[{"href":"https:\/\/dedieu-conseil.fr\/index.php\/wp-json\/wp\/v2\/media?parent=403"}],"curies":[{"name":"wp","href":"https:\/\/api.w.org\/{rel}","templated":true}]}}